{"id":3,"date":"2023-10-30T14:25:51","date_gmt":"2023-10-30T14:25:51","guid":{"rendered":"https:\/\/enviosdedineromostoles.es\/?page_id=3"},"modified":"2023-11-13T16:08:17","modified_gmt":"2023-11-13T15:08:17","slug":"legal-notice","status":"publish","type":"page","link":"https:\/\/enviosdedineromostoles.es\/en\/legal-notice\/","title":{"rendered":"Legal Notice"},"content":{"rendered":"<p>This LEGAL NOTICE regulates the rights and obligations of enviosdedineromostoles.es and users, in relation to access, navigation and use of this website without prejudice to https:\/\/enviosdedineromostoles.es\/ reserves the right to modify, without prior notice, its content, being in force those that are published at the time of navigation.<\/p>\n<p>By browsing, viewing and using this website you acquire the status of user, and therefore implies your express acceptance of all the clauses indicated in this Legal Notice, as well as the other warnings or specific clauses that are established in the different sections for the contracting, use of services, products, registrations, or sections of the Page.<\/p>\n<p>Therefore, if you do not accept the clauses set out in this Legal Notice, you must refrain from accessing and\/or using the services and\/or contents made available to you on the Site, and you must leave the Site.<br \/>\nenviosdedineromostoles.es may terminate, suspend or interrupt, at any time without prior notice, access to the contents of the site, without the possibility for the User to claim any compensation. However, in the event of closure of the platform, we will try to refund any payments that have been made for annual subscriptions not completed.<\/p>\n<p><strong>Personal and fiscal information of the person responsible for the website<\/strong><\/p>\n<p>Company: Raquel Montalbetti<\/p>\n<p>TIN NO: Y1678724Z<\/p>\n<p>Business Name: Money Transfers M\u00f3stoles<\/p>\n<p>Telephone: 616984323<\/p>\n<p>Website name: https:\/\/enviosdedineromostoles.es\/<\/p>\n<p><strong>Form of income:<\/strong><br \/>\nThe **enviosdedineromostoles.es** website is a corporate website that does not generate income online.<\/p>\n<p><strong>Services:<\/strong><\/p>\n<ul>\n<li>International and domestic money transfers.<\/li>\n<li>Nickel Point: activation of Nickel accounts.<\/li>\n<\/ul>\n<h4 class=\"elementor-heading-title elementor-size-default\">Terms of use<\/h4>\n<p>If you browse this website you tacitly accept the terms of use and privacy terms, as well as declaring that you have read the legal notice.<br \/>\nNeither this website nor its legal representatives are responsible for the content or the veracity of the privacy policies that third party services outside this website may have.<br \/>\nCopying or transcribing all or part of any text from this website for any use is expressly prohibited. The texts on this website are meant to be read only, please refrain from using them for any other purpose.<br \/>\nCopying or downloading of images from this website is expressly prohibited.<br \/>\nHotlinking of images from this website is not permitted.<br \/>\nIt is permitted to copy and use the HTML structures and CSS styles used in this website, as long as it is only partially and never the whole of the format, generating a website identical to this one.<br \/>\nIn the event of non-compliance with these conditions, we may be obliged to take appropriate legal action.<\/p>","protected":false},"excerpt":{"rendered":"<p>El presente AVISO LEGAL regula los derechos y obligaciones del enviosdedineromostoles.es y de los usuarios, en relaci\u00f3n al acceso, navegaci\u00f3n y utilizaci\u00f3n de la presente web sin perjuicio de que https:\/\/enviosdedineromostoles.es\/ se reserve el derecho a modificar, sin previo aviso, su contenido, siendo vigentes las que se encuentren publicadas en el momento de navegaci\u00f3n. Mediante [&hellip;]<\/p>","protected":false},"author":1,"featured_media":0,"parent":0,"menu_order":0,"comment_status":"closed","ping_status":"open","template":"","meta":{"site-sidebar-layout":"default","site-content-layout":"","ast-site-content-layout":"default","site-content-style":"default","site-sidebar-style":"default","ast-global-header-display":"","ast-banner-title-visibility":"","ast-main-header-display":"","ast-hfb-above-header-display":"","ast-hfb-below-header-display":"","ast-hfb-mobile-header-display":"","site-post-title":"","ast-breadcrumbs-content":"","ast-featured-img":"","footer-sml-layout":"","ast-disable-related-posts":"","theme-transparent-header-meta":"default","adv-header-id-meta":"","stick-header-meta":"","header-above-stick-meta":"","header-main-stick-meta":"","header-below-stick-meta":"","astra-migrate-meta-layouts":"set","ast-page-background-enabled":"default","ast-page-background-meta":{"desktop":{"background-color":"","background-image":"","background-repeat":"repeat","background-position":"center center","background-size":"auto","background-attachment":"scroll","background-type":"","background-media":"","overlay-type":"","overlay-color":"","overlay-opacity":"","overlay-gradient":""},"tablet":{"background-color":"","background-image":"","background-repeat":"repeat","background-position":"center center","background-size":"auto","background-attachment":"scroll","background-type":"","background-media":"","overlay-type":"","overlay-color":"","overlay-opacity":"","overlay-gradient":""},"mobile":{"background-color":"","background-image":"","background-repeat":"repeat","background-position":"center center","background-size":"auto","background-attachment":"scroll","background-type":"","background-media":"","overlay-type":"","overlay-color":"","overlay-opacity":"","overlay-gradient":""}},"ast-content-background-meta":{"desktop":{"background-color":"var(--ast-global-color-5)","background-image":"","background-repeat":"repeat","background-position":"center center","background-size":"auto","background-attachment":"scroll","background-type":"","background-media":"","overlay-type":"","overlay-color":"","overlay-opacity":"","overlay-gradient":""},"tablet":{"background-color":"var(--ast-global-color-5)","background-image":"","background-repeat":"repeat","background-position":"center center","background-size":"auto","background-attachment":"scroll","background-type":"","background-media":"","overlay-type":"","overlay-color":"","overlay-opacity":"","overlay-gradient":""},"mobile":{"background-color":"var(--ast-global-color-5)","background-image":"","background-repeat":"repeat","background-position":"center center","background-size":"auto","background-attachment":"scroll","background-type":"","background-media":"","overlay-type":"","overlay-color":"","overlay-opacity":"","overlay-gradient":""}},"footnotes":""},"class_list":["post-3","page","type-page","status-publish","hentry"],"_links":{"self":[{"href":"https:\/\/enviosdedineromostoles.es\/en\/wp-json\/wp\/v2\/pages\/3","targetHints":{"allow":["GET"]}}],"collection":[{"href":"https:\/\/enviosdedineromostoles.es\/en\/wp-json\/wp\/v2\/pages"}],"about":[{"href":"https:\/\/enviosdedineromostoles.es\/en\/wp-json\/wp\/v2\/types\/page"}],"author":[{"embeddable":true,"href":"https:\/\/enviosdedineromostoles.es\/en\/wp-json\/wp\/v2\/users\/1"}],"replies":[{"embeddable":true,"href":"https:\/\/enviosdedineromostoles.es\/en\/wp-json\/wp\/v2\/comments?post=3"}],"version-history":[{"count":8,"href":"https:\/\/enviosdedineromostoles.es\/en\/wp-json\/wp\/v2\/pages\/3\/revisions"}],"predecessor-version":[{"id":1987,"href":"https:\/\/enviosdedineromostoles.es\/en\/wp-json\/wp\/v2\/pages\/3\/revisions\/1987"}],"wp:attachment":[{"href":"https:\/\/enviosdedineromostoles.es\/en\/wp-json\/wp\/v2\/media?parent=3"}],"curies":[{"name":"wp","href":"https:\/\/api.w.org\/{rel}","templated":true}]}}